{"id":16,"date":"2024-08-09T14:40:18","date_gmt":"2024-08-09T12:40:18","guid":{"rendered":"https:\/\/babin-menuiserie.com\/?page_id=16"},"modified":"2024-08-15T10:55:14","modified_gmt":"2024-08-15T08:55:14","slug":"menuiserie-interieure","status":"publish","type":"page","link":"https:\/\/babin-menuiserie.com\/index.php\/menuiserie-interieure\/","title":{"rendered":"MENUISERIE INTERIEURE"},"content":{"rendered":"\n<div class=\"wp-block-cover alignfull\" style=\"min-height:320px;aspect-ratio:unset;\"><span aria-hidden=\"true\" class=\"wp-block-cover__background has-nv-site-bg-background-color has-background-dim-100 has-background-dim\"><\/span><div class=\"wp-block-cover__inner-container is-layout-flow wp-block-cover-is-layout-flow\">\n<div class=\"wp-block-group\" style=\"padding-right:var(--wp--preset--spacing--30);padding-left:var(--wp--preset--spacing--30)\"><div class=\"wp-block-group__inner-container is-layout-flow wp-block-group-is-layout-flow\">\n<h1 class=\"wp-block-heading has-text-align-left has-neve-text-color-color has-text-color\">Menuiserie Int\u00e9rieure<\/h1>\n\n\n\n<p class=\"has-text-align-left has-neve-text-color-color has-text-color\" style=\"font-size:22px\">Que ce soit pour une construction neuve ou la r\u00e9novation d&rsquo;une maison ou d&rsquo;un appartement, Babin Menuiserie vous accompagne dans l&rsquo;am\u00e9nagement de chaque pi\u00e8ce de votre int\u00e9rieur.<\/p>\n<\/div><\/div>\n<\/div><\/div>\n\n\n\n<div class=\"wp-block-cover alignfull\" style=\"min-height:600px;aspect-ratio:unset;\"><span aria-hidden=\"true\" class=\"wp-block-cover__background has-nv-light-bg-background-color has-background-dim-100 has-background-dim\"><\/span><div class=\"wp-block-cover__inner-container is-layout-flow wp-block-cover-is-layout-flow\">\n<div class=\"wp-block-group\"><div class=\"wp-block-group__inner-container is-layout-flow wp-block-group-is-layout-flow\">\n<div style=\"height:80px\" aria-hidden=\"true\" class=\"wp-block-spacer\"><\/div>\n\n\n\n<div class=\"wp-block-columns are-vertically-aligned-center has-neve-text-color-color has-text-color is-layout-flex wp-container-core-columns-is-layout-9d6595d7 wp-block-columns-is-layout-flex\">\n<div class=\"wp-block-column is-vertically-aligned-center is-layout-flow wp-block-column-is-layout-flow\" style=\"padding-right:var(--wp--preset--spacing--30);padding-left:var(--wp--preset--spacing--30);flex-basis:50%\">\n<figure class=\"wp-block-image size-full has-custom-border\"><img loading=\"lazy\" decoding=\"async\" width=\"1485\" height=\"1485\" src=\"http:\/\/babin-menuiserie.com\/wp-content\/uploads\/2024\/08\/babin_menuiserie_parquet.jpg\" alt=\"\" class=\"wp-image-95\" style=\"border-radius:16px\" srcset=\"https:\/\/babin-menuiserie.com\/wp-content\/uploads\/2024\/08\/babin_menuiserie_parquet.jpg 1485w, https:\/\/babin-menuiserie.com\/wp-content\/uploads\/2024\/08\/babin_menuiserie_parquet-300x300.jpg 300w, https:\/\/babin-menuiserie.com\/wp-content\/uploads\/2024\/08\/babin_menuiserie_parquet-1024x1024.jpg 1024w, https:\/\/babin-menuiserie.com\/wp-content\/uploads\/2024\/08\/babin_menuiserie_parquet-150x150.jpg 150w, https:\/\/babin-menuiserie.com\/wp-content\/uploads\/2024\/08\/babin_menuiserie_parquet-768x768.jpg 768w\" sizes=\"auto, (max-width: 1485px) 100vw, 1485px\" \/><\/figure>\n<\/div>\n\n\n\n<div class=\"wp-block-column is-vertically-aligned-center is-layout-flow wp-block-column-is-layout-flow\" style=\"padding-top:0;padding-right:var(--wp--preset--spacing--30);padding-bottom:0;padding-left:var(--wp--preset--spacing--30);flex-basis:50%\">\n<h2 class=\"wp-block-heading has-neve-text-color-color has-text-color\">Sols, murs et plafonds<\/h2>\n\n\n\n<ul class=\"wp-block-list\">\n<li><strong>Parquets<\/strong> &amp; autres rev\u00eatements de sol<\/li>\n\n\n\n<li>Installation de <strong>cloisons s\u00e8ches<\/strong>, pour d\u00e9limiter chaque espace de vie<\/li>\n\n\n\n<li><strong>Plafonds rampants<\/strong> ou <strong>plafonds suspendus<\/strong>, pose de lambris massif ou PVC<\/li>\n<\/ul>\n<\/div>\n<\/div>\n\n\n\n<div class=\"wp-block-columns are-vertically-aligned-center has-neve-text-color-color has-text-color is-layout-flex wp-container-core-columns-is-layout-9d6595d7 wp-block-columns-is-layout-flex\">\n<div class=\"wp-block-column is-vertically-aligned-center is-layout-flow wp-block-column-is-layout-flow\" style=\"padding-top:0;padding-right:var(--wp--preset--spacing--30);padding-bottom:0;padding-left:var(--wp--preset--spacing--30);flex-basis:50%\">\n<h2 class=\"wp-block-heading has-neve-text-color-color has-text-color\">Portes int\u00e9rieures<\/h2>\n\n\n\n<p class=\"has-neve-text-color-color has-text-color\">Babin Menuiserie vous guide \u00e0 travers un large choix de <strong>portes int\u00e9rieures<\/strong> : porte battante traditionnelle, <strong>porte coulissante ou \u00e0 galandage<\/strong> pour un gain de place optimal, ou encore verri\u00e8re. V\u00e9ritable s\u00e9parateur de pi\u00e8ce \u00e9galement, la <strong>verri\u00e8re d&rsquo;int\u00e9rieur<\/strong> apporte du caract\u00e8re \u00e0 votre habitat. Conception sur-mesure en atelier et pose \u00e0 votre domicile.<\/p>\n<\/div>\n\n\n\n<div class=\"wp-block-column is-vertically-aligned-center is-layout-flow wp-block-column-is-layout-flow\" style=\"padding-right:var(--wp--preset--spacing--30);padding-left:var(--wp--preset--spacing--30);flex-basis:50%\">\n<figure class=\"wp-block-image size-full has-custom-border\"><img loading=\"lazy\" decoding=\"async\" width=\"1280\" height=\"1280\" src=\"http:\/\/babin-menuiserie.com\/wp-content\/uploads\/2024\/08\/babin_menuiserie_porte_interieure.jpg\" alt=\"\" class=\"wp-image-100\" style=\"border-radius:16px\" srcset=\"https:\/\/babin-menuiserie.com\/wp-content\/uploads\/2024\/08\/babin_menuiserie_porte_interieure.jpg 1280w, https:\/\/babin-menuiserie.com\/wp-content\/uploads\/2024\/08\/babin_menuiserie_porte_interieure-300x300.jpg 300w, https:\/\/babin-menuiserie.com\/wp-content\/uploads\/2024\/08\/babin_menuiserie_porte_interieure-1024x1024.jpg 1024w, https:\/\/babin-menuiserie.com\/wp-content\/uploads\/2024\/08\/babin_menuiserie_porte_interieure-150x150.jpg 150w, https:\/\/babin-menuiserie.com\/wp-content\/uploads\/2024\/08\/babin_menuiserie_porte_interieure-768x768.jpg 768w\" sizes=\"auto, (max-width: 1280px) 100vw, 1280px\" \/><\/figure>\n<\/div>\n<\/div>\n\n\n\n<div class=\"wp-block-columns are-vertically-aligned-center has-neve-text-color-color has-text-color is-layout-flex wp-container-core-columns-is-layout-9d6595d7 wp-block-columns-is-layout-flex\">\n<div class=\"wp-block-column is-vertically-aligned-center is-layout-flow wp-block-column-is-layout-flow\" style=\"padding-right:var(--wp--preset--spacing--30);padding-left:var(--wp--preset--spacing--30);flex-basis:50%\">\n<figure class=\"wp-block-image size-full has-custom-border\"><img loading=\"lazy\" decoding=\"async\" width=\"1120\" height=\"1120\" src=\"http:\/\/babin-menuiserie.com\/wp-content\/uploads\/2024\/08\/babin_menuiserie_escalier.jpg\" alt=\"\" class=\"wp-image-101\" style=\"border-radius:16px\" srcset=\"https:\/\/babin-menuiserie.com\/wp-content\/uploads\/2024\/08\/babin_menuiserie_escalier.jpg 1120w, https:\/\/babin-menuiserie.com\/wp-content\/uploads\/2024\/08\/babin_menuiserie_escalier-300x300.jpg 300w, https:\/\/babin-menuiserie.com\/wp-content\/uploads\/2024\/08\/babin_menuiserie_escalier-1024x1024.jpg 1024w, https:\/\/babin-menuiserie.com\/wp-content\/uploads\/2024\/08\/babin_menuiserie_escalier-150x150.jpg 150w, https:\/\/babin-menuiserie.com\/wp-content\/uploads\/2024\/08\/babin_menuiserie_escalier-768x768.jpg 768w\" sizes=\"auto, (max-width: 1120px) 100vw, 1120px\" \/><\/figure>\n<\/div>\n\n\n\n<div class=\"wp-block-column is-vertically-aligned-center is-layout-flow wp-block-column-is-layout-flow\" style=\"padding-top:0;padding-right:var(--wp--preset--spacing--30);padding-bottom:0;padding-left:var(--wp--preset--spacing--30);flex-basis:50%\">\n<h2 class=\"wp-block-heading has-neve-text-color-color has-text-color\">Escaliers<\/h2>\n\n\n\n<p class=\"has-neve-text-color-color has-text-color\">Pose d&rsquo;escalier standard ou <strong>fabrication d&rsquo;escalier sur-mesure<\/strong> : escalier droit, avec palier, rampe et garde-corps. De nombreuses configurations sont possibles pour s&rsquo;adapter aux sp\u00e9cificit\u00e9s de votre projet, dans diff\u00e9rents styles et mat\u00e9riaux : <strong>escalier bois<\/strong> ou alliant bois et m\u00e9tal, inox &#8230;<\/p>\n<\/div>\n<\/div>\n\n\n\n<div class=\"wp-block-columns are-vertically-aligned-center has-neve-text-color-color has-text-color is-layout-flex wp-container-core-columns-is-layout-9d6595d7 wp-block-columns-is-layout-flex\">\n<div class=\"wp-block-column is-vertically-aligned-center is-layout-flow wp-block-column-is-layout-flow\" style=\"padding-top:0;padding-right:var(--wp--preset--spacing--30);padding-bottom:0;padding-left:var(--wp--preset--spacing--30);flex-basis:50%\">\n<h2 class=\"wp-block-heading has-neve-text-color-color has-text-color\">Am\u00e9nagements int\u00e9rieurs<\/h2>\n\n\n\n<p class=\"has-neve-text-color-color has-text-color\">Pour la r\u00e9novation de votre int\u00e9rieur ou pour r\u00e9inviter l&rsquo;am\u00e9nagement d&rsquo;une pi\u00e8ce de vie, Babin Menuiserie r\u00e9pond \u00e0 l&rsquo;ensemble de vos demandes d&rsquo;agencement : <strong>conception en atelier<\/strong>, dans dimensions personnalis\u00e9es, de <strong>placards, dressings, biblioth\u00e8ques et tout autre meuble de rangement <\/strong>en bois. C\u00f4t\u00e9 cuisine, service de <strong>pose de meubles de cuisine<\/strong> et de plan de travail.<\/p>\n<\/div>\n\n\n\n<div class=\"wp-block-column is-vertically-aligned-center is-layout-flow wp-block-column-is-layout-flow\" style=\"padding-right:var(--wp--preset--spacing--30);padding-left:var(--wp--preset--spacing--30);flex-basis:50%\">\n<figure class=\"wp-block-image size-full has-custom-border\"><img loading=\"lazy\" decoding=\"async\" width=\"2472\" height=\"2472\" src=\"http:\/\/babin-menuiserie.com\/wp-content\/uploads\/2024\/08\/babin_menuiserie_interieure.jpg\" alt=\"\" class=\"wp-image-102\" style=\"border-radius:16px\" srcset=\"https:\/\/babin-menuiserie.com\/wp-content\/uploads\/2024\/08\/babin_menuiserie_interieure.jpg 2472w, https:\/\/babin-menuiserie.com\/wp-content\/uploads\/2024\/08\/babin_menuiserie_interieure-300x300.jpg 300w, https:\/\/babin-menuiserie.com\/wp-content\/uploads\/2024\/08\/babin_menuiserie_interieure-1024x1024.jpg 1024w, https:\/\/babin-menuiserie.com\/wp-content\/uploads\/2024\/08\/babin_menuiserie_interieure-150x150.jpg 150w, https:\/\/babin-menuiserie.com\/wp-content\/uploads\/2024\/08\/babin_menuiserie_interieure-768x768.jpg 768w, https:\/\/babin-menuiserie.com\/wp-content\/uploads\/2024\/08\/babin_menuiserie_interieure-1536x1536.jpg 1536w, https:\/\/babin-menuiserie.com\/wp-content\/uploads\/2024\/08\/babin_menuiserie_interieure-2048x2048.jpg 2048w\" sizes=\"auto, (max-width: 2472px) 100vw, 2472px\" \/><\/figure>\n<\/div>\n<\/div>\n\n\n\n<div style=\"height:40px\" aria-hidden=\"true\" class=\"wp-block-spacer\"><\/div>\n<\/div><\/div>\n<\/div><\/div>\n","protected":false},"excerpt":{"rendered":"","protected":false},"author":1,"featured_media":0,"parent":0,"menu_order":0,"comment_status":"closed","ping_status":"closed","template":"","meta":{"neve_meta_sidebar":"","neve_meta_container":"","neve_meta_enable_content_width":"on","neve_meta_content_width":100,"neve_meta_title_alignment":"","neve_meta_author_avatar":"","neve_post_elements_order":"","neve_meta_disable_header":"","neve_meta_disable_footer":"","neve_meta_disable_title":"on","footnotes":""},"class_list":["post-16","page","type-page","status-publish","hentry"],"_links":{"self":[{"href":"https:\/\/babin-menuiserie.com\/index.php\/wp-json\/wp\/v2\/pages\/16","targetHints":{"allow":["GET"]}}],"collection":[{"href":"https:\/\/babin-menuiserie.com\/index.php\/wp-json\/wp\/v2\/pages"}],"about":[{"href":"https:\/\/babin-menuiserie.com\/index.php\/wp-json\/wp\/v2\/types\/page"}],"author":[{"embeddable":true,"href":"https:\/\/babin-menuiserie.com\/index.php\/wp-json\/wp\/v2\/users\/1"}],"replies":[{"embeddable":true,"href":"https:\/\/babin-menuiserie.com\/index.php\/wp-json\/wp\/v2\/comments?post=16"}],"version-history":[{"count":11,"href":"https:\/\/babin-menuiserie.com\/index.php\/wp-json\/wp\/v2\/pages\/16\/revisions"}],"predecessor-version":[{"id":127,"href":"https:\/\/babin-menuiserie.com\/index.php\/wp-json\/wp\/v2\/pages\/16\/revisions\/127"}],"wp:attachment":[{"href":"https:\/\/babin-menuiserie.com\/index.php\/wp-json\/wp\/v2\/media?parent=16"}],"curies":[{"name":"wp","href":"https:\/\/api.w.org\/{rel}","templated":true}]}}