{"id":18,"date":"2024-08-09T14:40:18","date_gmt":"2024-08-09T12:40:18","guid":{"rendered":"https:\/\/babin-menuiserie.com\/?page_id=18"},"modified":"2024-08-15T11:05:51","modified_gmt":"2024-08-15T09:05:51","slug":"menuiserie-exterieure","status":"publish","type":"page","link":"https:\/\/babin-menuiserie.com\/index.php\/menuiserie-exterieure\/","title":{"rendered":"MENUISERIE EXTERIEURE"},"content":{"rendered":"\n<div class=\"wp-block-cover alignfull\" style=\"min-height:320px;aspect-ratio:unset;\"><span aria-hidden=\"true\" class=\"wp-block-cover__background has-nv-site-bg-background-color has-background-dim-100 has-background-dim\"><\/span><div class=\"wp-block-cover__inner-container is-layout-flow wp-block-cover-is-layout-flow\">\n<div class=\"wp-block-group\" style=\"padding-right:var(--wp--preset--spacing--30);padding-left:var(--wp--preset--spacing--30)\"><div class=\"wp-block-group__inner-container is-layout-flow wp-block-group-is-layout-flow\">\n<h1 class=\"wp-block-heading has-text-align-left has-neve-text-color-color has-text-color\">Menuiserie Ext\u00e9rieure<\/h1>\n\n\n\n<p class=\"has-text-align-left has-neve-text-color-color has-text-color\" style=\"font-size:22px\">Pour finaliser l&rsquo;am\u00e9nagement de votre ext\u00e9rieur, d\u00e9limiter votre propri\u00e9t\u00e9 ou encore r\u00e9aliser des travaux de r\u00e9novation, Babin Menuiserie met ses comp\u00e9tences \u00e0 votre service, de l&rsquo;\u00e9tude \u00e0 la r\u00e9alisation compl\u00e8te de votre projet.<\/p>\n<\/div><\/div>\n<\/div><\/div>\n\n\n\n<div class=\"wp-block-cover alignfull\" style=\"min-height:600px;aspect-ratio:unset;\"><span aria-hidden=\"true\" class=\"wp-block-cover__background has-nv-light-bg-background-color has-background-dim-100 has-background-dim\"><\/span><div class=\"wp-block-cover__inner-container is-layout-flow wp-block-cover-is-layout-flow\">\n<div class=\"wp-block-group\"><div class=\"wp-block-group__inner-container is-layout-flow wp-block-group-is-layout-flow\">\n<div style=\"height:80px\" aria-hidden=\"true\" class=\"wp-block-spacer\"><\/div>\n\n\n\n<div class=\"wp-block-columns are-vertically-aligned-center has-neve-text-color-color has-text-color is-layout-flex wp-container-core-columns-is-layout-9d6595d7 wp-block-columns-is-layout-flex\">\n<div class=\"wp-block-column is-vertically-aligned-center is-layout-flow wp-block-column-is-layout-flow\" style=\"padding-right:var(--wp--preset--spacing--30);padding-left:var(--wp--preset--spacing--30);flex-basis:50%\">\n<figure class=\"wp-block-image size-full has-custom-border\"><img loading=\"lazy\" decoding=\"async\" width=\"2160\" height=\"2160\" src=\"https:\/\/babin-menuiserie.com\/wp-content\/uploads\/2024\/08\/babin_menuiserie_pose_portail_bois.jpg\" alt=\"\" class=\"wp-image-131\" style=\"border-radius:16px\" srcset=\"https:\/\/babin-menuiserie.com\/wp-content\/uploads\/2024\/08\/babin_menuiserie_pose_portail_bois.jpg 2160w, https:\/\/babin-menuiserie.com\/wp-content\/uploads\/2024\/08\/babin_menuiserie_pose_portail_bois-300x300.jpg 300w, https:\/\/babin-menuiserie.com\/wp-content\/uploads\/2024\/08\/babin_menuiserie_pose_portail_bois-1024x1024.jpg 1024w, https:\/\/babin-menuiserie.com\/wp-content\/uploads\/2024\/08\/babin_menuiserie_pose_portail_bois-150x150.jpg 150w, https:\/\/babin-menuiserie.com\/wp-content\/uploads\/2024\/08\/babin_menuiserie_pose_portail_bois-768x768.jpg 768w, https:\/\/babin-menuiserie.com\/wp-content\/uploads\/2024\/08\/babin_menuiserie_pose_portail_bois-1536x1536.jpg 1536w, https:\/\/babin-menuiserie.com\/wp-content\/uploads\/2024\/08\/babin_menuiserie_pose_portail_bois-2048x2048.jpg 2048w\" sizes=\"auto, (max-width: 2160px) 100vw, 2160px\" \/><\/figure>\n<\/div>\n\n\n\n<div class=\"wp-block-column is-vertically-aligned-center is-layout-flow wp-block-column-is-layout-flow\" style=\"padding-top:0;padding-right:var(--wp--preset--spacing--30);padding-bottom:0;padding-left:var(--wp--preset--spacing--30);flex-basis:50%\">\n<h2 class=\"wp-block-heading has-neve-text-color-color has-text-color\">Ouvertures, portails et volets<\/h2>\n\n\n\n<p class=\"has-neve-text-color-color has-text-color\">Pose et changement de tout type d&rsquo;ouvertures, afin d&rsquo;am\u00e9liorer l&rsquo;isolation de votre habitat : <strong>porte d&rsquo;entr\u00e9e, baie vitr\u00e9e et fen\u00eatres en PVC, aluminium et bois<\/strong>. Installation de <strong>portails<\/strong>, de style traditionnel ou plus contemporain, et de <strong>porte de garage, \u00e0 ouverture manuelle ou motoris\u00e9e<\/strong>. Fabrication de <strong>volets bois<\/strong> et pose de <strong>volets roulants ou battants<\/strong>, selon vos projets.<\/p>\n<\/div>\n<\/div>\n\n\n\n<div class=\"wp-block-columns are-vertically-aligned-center has-neve-text-color-color has-text-color is-layout-flex wp-container-core-columns-is-layout-9d6595d7 wp-block-columns-is-layout-flex\">\n<div class=\"wp-block-column is-vertically-aligned-center is-layout-flow wp-block-column-is-layout-flow\" style=\"padding-top:0;padding-right:var(--wp--preset--spacing--30);padding-bottom:0;padding-left:var(--wp--preset--spacing--30);flex-basis:50%\">\n<h2 class=\"wp-block-heading has-neve-text-color-color has-text-color\">Am\u00e9nagements ext\u00e9rieurs<\/h2>\n\n\n\n<p class=\"has-neve-text-color-color has-text-color\">Pour profiter de votre ext\u00e9rieur d\u00e8s l&rsquo;arriv\u00e9e des beaux jours, Babin Menuiserie vous accompagne dans son am\u00e9nagement : r\u00e9alisation de terrasse bois, avec bords arrondis ou int\u00e9gration de bassins ou parterres, pour r\u00e9pondre aux contraintes de votre terrain, conception de mobilier ext\u00e9rieur de type cuisine d&rsquo;\u00e9t\u00e9 &#8230; Pour tout projet de r\u00e9novation ext\u00e9rieur, service de pose de bardage \u00e9galement.<\/p>\n<\/div>\n\n\n\n<div class=\"wp-block-column is-vertically-aligned-center is-layout-flow wp-block-column-is-layout-flow\" style=\"padding-right:var(--wp--preset--spacing--30);padding-left:var(--wp--preset--spacing--30);flex-basis:50%\">\n<figure class=\"wp-block-image size-full has-custom-border\"><img loading=\"lazy\" decoding=\"async\" width=\"2560\" height=\"2560\" src=\"https:\/\/babin-menuiserie.com\/wp-content\/uploads\/2024\/08\/babin_menuiserie_terrasse-bois-scaled.jpg\" alt=\"\" class=\"wp-image-132\" style=\"border-radius:16px\" srcset=\"https:\/\/babin-menuiserie.com\/wp-content\/uploads\/2024\/08\/babin_menuiserie_terrasse-bois-scaled.jpg 2560w, https:\/\/babin-menuiserie.com\/wp-content\/uploads\/2024\/08\/babin_menuiserie_terrasse-bois-300x300.jpg 300w, https:\/\/babin-menuiserie.com\/wp-content\/uploads\/2024\/08\/babin_menuiserie_terrasse-bois-1024x1024.jpg 1024w, https:\/\/babin-menuiserie.com\/wp-content\/uploads\/2024\/08\/babin_menuiserie_terrasse-bois-150x150.jpg 150w, https:\/\/babin-menuiserie.com\/wp-content\/uploads\/2024\/08\/babin_menuiserie_terrasse-bois-768x768.jpg 768w, https:\/\/babin-menuiserie.com\/wp-content\/uploads\/2024\/08\/babin_menuiserie_terrasse-bois-1536x1536.jpg 1536w, https:\/\/babin-menuiserie.com\/wp-content\/uploads\/2024\/08\/babin_menuiserie_terrasse-bois-2048x2048.jpg 2048w\" sizes=\"auto, (max-width: 2560px) 100vw, 2560px\" \/><\/figure>\n<\/div>\n<\/div>\n\n\n\n<div class=\"wp-block-columns are-vertically-aligned-center has-neve-text-color-color has-text-color is-layout-flex wp-container-core-columns-is-layout-9d6595d7 wp-block-columns-is-layout-flex\">\n<div class=\"wp-block-column is-vertically-aligned-center is-layout-flow wp-block-column-is-layout-flow\" style=\"padding-right:var(--wp--preset--spacing--30);padding-left:var(--wp--preset--spacing--30);flex-basis:50%\">\n<figure class=\"wp-block-image size-full has-custom-border\"><img loading=\"lazy\" decoding=\"async\" width=\"1279\" height=\"1279\" src=\"https:\/\/babin-menuiserie.com\/wp-content\/uploads\/2024\/08\/babin_menuiserie_exterieure_ossature_bois.jpg\" alt=\"\" class=\"wp-image-133\" style=\"border-radius:16px\" srcset=\"https:\/\/babin-menuiserie.com\/wp-content\/uploads\/2024\/08\/babin_menuiserie_exterieure_ossature_bois.jpg 1279w, https:\/\/babin-menuiserie.com\/wp-content\/uploads\/2024\/08\/babin_menuiserie_exterieure_ossature_bois-300x300.jpg 300w, https:\/\/babin-menuiserie.com\/wp-content\/uploads\/2024\/08\/babin_menuiserie_exterieure_ossature_bois-1024x1024.jpg 1024w, https:\/\/babin-menuiserie.com\/wp-content\/uploads\/2024\/08\/babin_menuiserie_exterieure_ossature_bois-150x150.jpg 150w, https:\/\/babin-menuiserie.com\/wp-content\/uploads\/2024\/08\/babin_menuiserie_exterieure_ossature_bois-768x768.jpg 768w\" sizes=\"auto, (max-width: 1279px) 100vw, 1279px\" \/><\/figure>\n<\/div>\n\n\n\n<div class=\"wp-block-column is-vertically-aligned-center is-layout-flow wp-block-column-is-layout-flow\" style=\"padding-top:0;padding-right:var(--wp--preset--spacing--30);padding-bottom:0;padding-left:var(--wp--preset--spacing--30);flex-basis:50%\">\n<h2 class=\"wp-block-heading has-neve-text-color-color has-text-color\">Structures ext\u00e9rieures \u00e0 ossature bois<\/h2>\n\n\n\n<p class=\"has-neve-text-color-color has-text-color\"><strong>De la pergola au pr\u00e9au<\/strong>, en passant par <strong>l&rsquo;abri de jardin<\/strong>, Babin Menuiserie r\u00e9pond \u00e9galement aux demandes de constructions ext\u00e9rieures en bois et autres ossatures avec charpente, de la conception sur plan \u00e0 la mise en place.<\/p>\n<\/div>\n<\/div>\n\n\n\n<div style=\"height:40px\" aria-hidden=\"true\" class=\"wp-block-spacer\"><\/div>\n<\/div><\/div>\n<\/div><\/div>\n","protected":false},"excerpt":{"rendered":"","protected":false},"author":1,"featured_media":0,"parent":0,"menu_order":0,"comment_status":"closed","ping_status":"closed","template":"","meta":{"neve_meta_sidebar":"","neve_meta_container":"","neve_meta_enable_content_width":"on","neve_meta_content_width":100,"neve_meta_title_alignment":"","neve_meta_author_avatar":"","neve_post_elements_order":"","neve_meta_disable_header":"","neve_meta_disable_footer":"","neve_meta_disable_title":"on","footnotes":""},"class_list":["post-18","page","type-page","status-publish","hentry"],"_links":{"self":[{"href":"https:\/\/babin-menuiserie.com\/index.php\/wp-json\/wp\/v2\/pages\/18","targetHints":{"allow":["GET"]}}],"collection":[{"href":"https:\/\/babin-menuiserie.com\/index.php\/wp-json\/wp\/v2\/pages"}],"about":[{"href":"https:\/\/babin-menuiserie.com\/index.php\/wp-json\/wp\/v2\/types\/page"}],"author":[{"embeddable":true,"href":"https:\/\/babin-menuiserie.com\/index.php\/wp-json\/wp\/v2\/users\/1"}],"replies":[{"embeddable":true,"href":"https:\/\/babin-menuiserie.com\/index.php\/wp-json\/wp\/v2\/comments?post=18"}],"version-history":[{"count":18,"href":"https:\/\/babin-menuiserie.com\/index.php\/wp-json\/wp\/v2\/pages\/18\/revisions"}],"predecessor-version":[{"id":139,"href":"https:\/\/babin-menuiserie.com\/index.php\/wp-json\/wp\/v2\/pages\/18\/revisions\/139"}],"wp:attachment":[{"href":"https:\/\/babin-menuiserie.com\/index.php\/wp-json\/wp\/v2\/media?parent=18"}],"curies":[{"name":"wp","href":"https:\/\/api.w.org\/{rel}","templated":true}]}}