{"id":19,"date":"2024-08-09T14:40:18","date_gmt":"2024-08-09T12:40:18","guid":{"rendered":"https:\/\/babin-menuiserie.com\/?page_id=19"},"modified":"2024-08-15T11:11:02","modified_gmt":"2024-08-15T09:11:02","slug":"charpente","status":"publish","type":"page","link":"https:\/\/babin-menuiserie.com\/index.php\/charpente\/","title":{"rendered":"CHARPENTE"},"content":{"rendered":"\n<div class=\"wp-block-cover alignfull\" style=\"min-height:320px;aspect-ratio:unset;\"><span aria-hidden=\"true\" class=\"wp-block-cover__background has-nv-site-bg-background-color has-background-dim-100 has-background-dim\"><\/span><div class=\"wp-block-cover__inner-container is-layout-flow wp-block-cover-is-layout-flow\">\n<div class=\"wp-block-group\" style=\"padding-right:var(--wp--preset--spacing--30);padding-left:var(--wp--preset--spacing--30)\"><div class=\"wp-block-group__inner-container is-layout-flow wp-block-group-is-layout-flow\">\n<h1 class=\"wp-block-heading has-text-align-left has-neve-text-color-color has-text-color\">Charpente<\/h1>\n\n\n\n<p class=\"has-text-align-left has-neve-text-color-color has-text-color\" style=\"font-size:22px\">Artisan Charpentier, Babin Menuiserie vous accompagne \u00e9galement pour vos projets de charpente et de construction et\/ou r\u00e9novation de structures \u00e0 ossature bois.<\/p>\n<\/div><\/div>\n<\/div><\/div>\n\n\n\n<div class=\"wp-block-cover alignfull\" style=\"min-height:600px;aspect-ratio:unset;\"><span aria-hidden=\"true\" class=\"wp-block-cover__background has-nv-light-bg-background-color has-background-dim-100 has-background-dim\"><\/span><div class=\"wp-block-cover__inner-container is-layout-flow wp-block-cover-is-layout-flow\">\n<div class=\"wp-block-group\"><div class=\"wp-block-group__inner-container is-layout-flow wp-block-group-is-layout-flow\">\n<div style=\"height:80px\" aria-hidden=\"true\" class=\"wp-block-spacer\"><\/div>\n\n\n\n<div class=\"wp-block-columns are-vertically-aligned-center has-neve-text-color-color has-text-color is-layout-flex wp-container-core-columns-is-layout-9d6595d7 wp-block-columns-is-layout-flex\">\n<div class=\"wp-block-column is-vertically-aligned-center is-layout-flow wp-block-column-is-layout-flow\" style=\"padding-right:var(--wp--preset--spacing--30);padding-left:var(--wp--preset--spacing--30);flex-basis:50%\">\n<figure class=\"wp-block-image size-full has-custom-border\"><img loading=\"lazy\" decoding=\"async\" width=\"2560\" height=\"2560\" src=\"https:\/\/babin-menuiserie.com\/wp-content\/uploads\/2024\/08\/babin_menuiserie_charpente-scaled.jpg\" alt=\"\" class=\"wp-image-143\" style=\"border-radius:16px\" srcset=\"https:\/\/babin-menuiserie.com\/wp-content\/uploads\/2024\/08\/babin_menuiserie_charpente-scaled.jpg 2560w, https:\/\/babin-menuiserie.com\/wp-content\/uploads\/2024\/08\/babin_menuiserie_charpente-300x300.jpg 300w, https:\/\/babin-menuiserie.com\/wp-content\/uploads\/2024\/08\/babin_menuiserie_charpente-1024x1024.jpg 1024w, https:\/\/babin-menuiserie.com\/wp-content\/uploads\/2024\/08\/babin_menuiserie_charpente-150x150.jpg 150w, https:\/\/babin-menuiserie.com\/wp-content\/uploads\/2024\/08\/babin_menuiserie_charpente-768x768.jpg 768w, https:\/\/babin-menuiserie.com\/wp-content\/uploads\/2024\/08\/babin_menuiserie_charpente-1536x1536.jpg 1536w, https:\/\/babin-menuiserie.com\/wp-content\/uploads\/2024\/08\/babin_menuiserie_charpente-2048x2048.jpg 2048w\" sizes=\"auto, (max-width: 2560px) 100vw, 2560px\" \/><\/figure>\n<\/div>\n\n\n\n<div class=\"wp-block-column is-vertically-aligned-center is-layout-flow wp-block-column-is-layout-flow\" style=\"padding-top:0;padding-right:var(--wp--preset--spacing--30);padding-bottom:0;padding-left:var(--wp--preset--spacing--30);flex-basis:50%\">\n<h2 class=\"wp-block-heading has-neve-text-color-color has-text-color\">Charpente bois<\/h2>\n\n\n\n<p class=\"has-neve-text-color-color has-text-color\">Conception en atelier et r\u00e9alisation de diff\u00e9rents types de charpente pour r\u00e9pondre aux sp\u00e9cificit\u00e9s de chaque demande : <strong>charpente traditionnelle, charpente vieux ch\u00eane<\/strong> ou encore <strong>charpente fermette.<\/strong><\/p>\n<\/div>\n<\/div>\n\n\n\n<div class=\"wp-block-columns are-vertically-aligned-center has-neve-text-color-color has-text-color is-layout-flex wp-container-core-columns-is-layout-9d6595d7 wp-block-columns-is-layout-flex\">\n<div class=\"wp-block-column is-vertically-aligned-center is-layout-flow wp-block-column-is-layout-flow\" style=\"padding-top:0;padding-right:var(--wp--preset--spacing--30);padding-bottom:0;padding-left:var(--wp--preset--spacing--30);flex-basis:50%\">\n<h2 class=\"wp-block-heading has-neve-text-color-color has-text-color\">Constructions \u00e0 ossature bois<\/h2>\n\n\n\n<p class=\"has-neve-text-color-color has-text-color\">Fabrication, pose ou encore r\u00e9novation de diverses structures \u00e0 ossature bois : <strong>pr\u00e9au, pergola<\/strong> mais aussi <strong>abri de jardin, carport&#8230;<\/strong><\/p>\n<\/div>\n\n\n\n<div class=\"wp-block-column is-vertically-aligned-center is-layout-flow wp-block-column-is-layout-flow\" style=\"padding-right:var(--wp--preset--spacing--30);padding-left:var(--wp--preset--spacing--30);flex-basis:50%\">\n<figure class=\"wp-block-image size-full has-custom-border\"><img loading=\"lazy\" decoding=\"async\" width=\"2560\" height=\"2560\" src=\"https:\/\/babin-menuiserie.com\/wp-content\/uploads\/2024\/08\/babin_menuiserie_ossature_bois-scaled.jpg\" alt=\"\" class=\"wp-image-144\" style=\"border-radius:16px\" srcset=\"https:\/\/babin-menuiserie.com\/wp-content\/uploads\/2024\/08\/babin_menuiserie_ossature_bois-scaled.jpg 2560w, https:\/\/babin-menuiserie.com\/wp-content\/uploads\/2024\/08\/babin_menuiserie_ossature_bois-300x300.jpg 300w, https:\/\/babin-menuiserie.com\/wp-content\/uploads\/2024\/08\/babin_menuiserie_ossature_bois-1024x1024.jpg 1024w, https:\/\/babin-menuiserie.com\/wp-content\/uploads\/2024\/08\/babin_menuiserie_ossature_bois-150x150.jpg 150w, https:\/\/babin-menuiserie.com\/wp-content\/uploads\/2024\/08\/babin_menuiserie_ossature_bois-768x768.jpg 768w, https:\/\/babin-menuiserie.com\/wp-content\/uploads\/2024\/08\/babin_menuiserie_ossature_bois-1536x1536.jpg 1536w, https:\/\/babin-menuiserie.com\/wp-content\/uploads\/2024\/08\/babin_menuiserie_ossature_bois-2048x2048.jpg 2048w\" sizes=\"auto, (max-width: 2560px) 100vw, 2560px\" \/><\/figure>\n<\/div>\n<\/div>\n\n\n\n<div style=\"height:40px\" aria-hidden=\"true\" class=\"wp-block-spacer\"><\/div>\n<\/div><\/div>\n<\/div><\/div>\n","protected":false},"excerpt":{"rendered":"","protected":false},"author":1,"featured_media":0,"parent":0,"menu_order":0,"comment_status":"closed","ping_status":"closed","template":"","meta":{"neve_meta_sidebar":"","neve_meta_container":"","neve_meta_enable_content_width":"on","neve_meta_content_width":100,"neve_meta_title_alignment":"","neve_meta_author_avatar":"","neve_post_elements_order":"","neve_meta_disable_header":"","neve_meta_disable_footer":"","neve_meta_disable_title":"on","footnotes":""},"class_list":["post-19","page","type-page","status-publish","hentry"],"_links":{"self":[{"href":"https:\/\/babin-menuiserie.com\/index.php\/wp-json\/wp\/v2\/pages\/19","targetHints":{"allow":["GET"]}}],"collection":[{"href":"https:\/\/babin-menuiserie.com\/index.php\/wp-json\/wp\/v2\/pages"}],"about":[{"href":"https:\/\/babin-menuiserie.com\/index.php\/wp-json\/wp\/v2\/types\/page"}],"author":[{"embeddable":true,"href":"https:\/\/babin-menuiserie.com\/index.php\/wp-json\/wp\/v2\/users\/1"}],"replies":[{"embeddable":true,"href":"https:\/\/babin-menuiserie.com\/index.php\/wp-json\/wp\/v2\/comments?post=19"}],"version-history":[{"count":14,"href":"https:\/\/babin-menuiserie.com\/index.php\/wp-json\/wp\/v2\/pages\/19\/revisions"}],"predecessor-version":[{"id":147,"href":"https:\/\/babin-menuiserie.com\/index.php\/wp-json\/wp\/v2\/pages\/19\/revisions\/147"}],"wp:attachment":[{"href":"https:\/\/babin-menuiserie.com\/index.php\/wp-json\/wp\/v2\/media?parent=19"}],"curies":[{"name":"wp","href":"https:\/\/api.w.org\/{rel}","templated":true}]}}